{"id":125,"date":"2017-11-06T14:07:34","date_gmt":"2017-11-06T13:07:34","guid":{"rendered":"https:\/\/communaute-odd.org\/?page_id=125"},"modified":"2019-12-05T16:45:32","modified_gmt":"2019-12-05T15:45:32","slug":"accueil","status":"publish","type":"page","link":"https:\/\/www.histoires-internationales.net\/","title":{"rendered":"Accueil"},"content":{"rendered":"<p>Histoires-Internationales.net, c&rsquo;est un site pour suivre le parcours des 18 jeunes en Service Civique International en France et \u00e0 l&rsquo;\u00e9tranger. Qu&rsquo;ils viennent d&rsquo;Allemagne, du Maroc, de la R\u00e9publique Tch\u00e8que et de la r\u00e9gion Centre-Val de Loire en France, c&rsquo;est de vivre et ressentir le monde et l&rsquo;international qui les anime. <a href=\"https:\/\/communaute-odd.org\/index.php\/les-histoires\/\">D\u00e9couvrez leurs histoires<\/a>.<\/p>\n<p>Ce projet est une initiative\u00a0du Conseil r\u00e9gional Centre-Val de Loire.\u00a0<span style=\"font-weight: 400;\">La R\u00e9gion a lanc\u00e9 un premier appel en r\u00e9ciprocit\u00e9, en 2017, conjointement avec trois\u00a0de ses r\u00e9gions partenaires : F\u00e8s-\u00a0Mekn\u00e8s au Maroc, Pardubice en\u00a0R\u00e9publique Tch\u00e8que et le Land de\u00a0Saxe-Anhalt en Allemagne. Cette ann\u00e9e, le projet s\u2019\u00e9tend \u00e0 trois nouvelles zones de coop\u00e9ration\u00a0: la r\u00e9gion du Gorgol en Mauritanie mais \u00e9galement \u00e0 la ville de Diourbel au S\u00e9n\u00e9gal et \u00e0 la ville <\/span><span style=\"font-weight: 400;\">d\u2019Estarreja<\/span> <span style=\"font-weight: 400;\">au Portugal.\u00a0<\/span><\/p>\n<p><span style=\"font-weight: 400;\">L\u2019objectif du projet est de faire partir 17 jeunes pendant 7 mois, de la mi-octobre 2019 jusqu\u2019au milieu du mois de mai 2020, sur\u00a0des missions de Service Civique International.<\/span><\/p>\n<p><span style=\"font-weight: 400;\">En France comme \u00e0 l\u2019\u00e9tranger, ces\u00a0missions doivent r\u00e9pondre aux\u00a0crit\u00e8res privil\u00e9gi\u00e9s par la R\u00e9gion :\u00a0jeunesse, citoyennet\u00e9 et \u00e9ducation\u00a0populaire, environnement et d\u00e9veloppement\u00a0durable et enfin solidarit\u00e9\u00a0internationale.\u00a0Au-del\u00e0 des missions permettant\u00a0aux jeunes de rencontrer des\u00a0cultures et des environnements diff\u00e9rents,\u00a0ce projet a une dimension\u00a0collective exp\u00e9riment\u00e9e lors de regroupements\u00a0durant toute la p\u00e9riode\u00a0de leur Service Civique International.<\/span><\/p>\n<p><span style=\"font-weight: 400;\">Ces temps partag\u00e9s entre jeunes et\u00a0tuteurs permettront de d\u00e9velopper\u00a0des outils d\u2019\u00e9ducation \u00e0 la citoyennet\u00e9\u00a0et \u00e0 la solidarit\u00e9 internationale\u00a0et de travailler \u00e0 la valorisation des\u00a0comp\u00e9tences acquises dans le cadre\u00a0de ces missions. A l\u2019issue de cette\u00a0exp\u00e9rimentation, un \u00e9v\u00e8nement de\u00a0cl\u00f4ture r\u00e9unissant tous les volontaires,\u00a0fran\u00e7ais et \u00e9trangers, se d\u00e9roulera\u00a0en r\u00e9gion Centre-Val de Loire et permettra de faire le bilan des\u00a0missions et projets men\u00e9s dans les\u00a0diff\u00e9rentes structures.<\/span><\/p>\n<p><span style=\"font-weight: 400;\">L\u2019exp\u00e9rimentation est pilot\u00e9e par\u00a0la R\u00e9gion Centre-Val de Loire, port\u00e9e par <\/span><a href=\"https:\/\/www.laliguedelenseignement-centre.fr\/\"><span style=\"font-weight: 400;\">La Ligue de l\u2019Enseignement Centre-Val de Loire<\/span><\/a><span style=\"font-weight: 400;\"> (avec l\u2019appui de ses f\u00e9d\u00e9rations du Cher, du Loiret et de l\u2019Indre), qui accompagne, avec l\u2019appui de <\/span><a href=\"http:\/\/www.centraider.org\/\"><span style=\"font-weight: 400;\">Centraider<\/span><\/a><span style=\"font-weight: 400;\">\u00a0les structures\u00a0pour le montage des missions et\u00a0l\u2019accompagnement des jeunes et\u00a0structures d\u2019accueil.<\/span><\/p>\n","protected":false},"excerpt":{"rendered":"<p>Histoires-Internationales.net, c&rsquo;est un site pour suivre le parcours des 18 jeunes en Service Civique International en France et \u00e0 l&rsquo;\u00e9tranger. Qu&rsquo;ils viennent d&rsquo;Allemagne, du Maroc, de la R\u00e9publique Tch\u00e8que et de la r\u00e9gion Centre-Val de Loire en France, c&rsquo;est de vivre et ressentir le monde et l&rsquo;international qui les anime. D\u00e9couvrez leurs histoires. Ce projet [&hellip;]<\/p>\n","protected":false},"author":1,"featured_media":1298,"parent":0,"menu_order":0,"comment_status":"closed","ping_status":"closed","template":"home.php","meta":{"footnotes":""},"yoast_head":"<!-- This site is optimized with the Yoast SEO plugin v21.0 - https:\/\/yoast.com\/wordpress\/plugins\/seo\/ -->\n<title>Histoires Internationales - Des jeunes en Service Civique International<\/title>\n<meta name=\"description\" content=\"Histoires-Internationales.net, c&#039;est un site pour suivre le parcours de 18 jeunes en Service Civique International en France et \u00e0 l&#039;\u00e9tranger.\" \/>\n<meta name=\"robots\" content=\"index, follow, max-snippet:-1, max-image-preview:large, max-video-preview:-1\" \/>\n<link rel=\"canonical\" href=\"https:\/\/www.histoires-internationales.net\/\" \/>\n<meta property=\"og:locale\" content=\"fr_FR\" \/>\n<meta property=\"og:type\" content=\"article\" \/>\n<meta property=\"og:title\" content=\"Histoires Internationales - Des jeunes en Service Civique International\" \/>\n<meta property=\"og:description\" content=\"Histoires-Internationales.net, c&#039;est un site pour suivre le parcours de 18 jeunes en Service Civique International en France et \u00e0 l&#039;\u00e9tranger.\" \/>\n<meta property=\"og:url\" content=\"https:\/\/www.histoires-internationales.net\/\" \/>\n<meta property=\"og:site_name\" content=\"Histoires Internationales\" \/>\n<meta property=\"article:publisher\" content=\"http:\/\/www.facebook.com\/centraider.centre\" \/>\n<meta property=\"article:modified_time\" content=\"2019-12-05T15:45:32+00:00\" \/>\n<meta property=\"og:image\" content=\"https:\/\/www.histoires-internationales.net\/wp-content\/uploads\/2019\/12\/Visuel-portraits-saison-2.jpg\" \/>\n\t<meta property=\"og:image:width\" content=\"2480\" \/>\n\t<meta property=\"og:image:height\" content=\"1181\" \/>\n\t<meta property=\"og:image:type\" content=\"image\/jpeg\" \/>\n<meta name=\"twitter:card\" content=\"summary_large_image\" \/>\n<meta name=\"twitter:label1\" content=\"Dur\u00e9e de lecture estim\u00e9e\" \/>\n\t<meta name=\"twitter:data1\" content=\"2 minutes\" \/>\n<script type=\"application\/ld+json\" class=\"yoast-schema-graph\">{\"@context\":\"https:\/\/schema.org\",\"@graph\":[{\"@type\":\"WebPage\",\"@id\":\"https:\/\/www.histoires-internationales.net\/\",\"url\":\"https:\/\/www.histoires-internationales.net\/\",\"name\":\"Histoires Internationales - Des jeunes en Service Civique International\",\"isPartOf\":{\"@id\":\"https:\/\/www.histoires-internationales.net\/#website\"},\"datePublished\":\"2017-11-06T13:07:34+00:00\",\"dateModified\":\"2019-12-05T15:45:32+00:00\",\"description\":\"Histoires-Internationales.net, c'est un site pour suivre le parcours de 18 jeunes en Service Civique International en France et \u00e0 l'\u00e9tranger.\",\"breadcrumb\":{\"@id\":\"https:\/\/www.histoires-internationales.net\/#breadcrumb\"},\"inLanguage\":\"fr-FR\",\"potentialAction\":[{\"@type\":\"ReadAction\",\"target\":[\"https:\/\/www.histoires-internationales.net\/\"]}]},{\"@type\":\"BreadcrumbList\",\"@id\":\"https:\/\/www.histoires-internationales.net\/#breadcrumb\",\"itemListElement\":[{\"@type\":\"ListItem\",\"position\":1,\"name\":\"Accueil\",\"item\":\"https:\/\/www.histoires-internationales.net\/\"},{\"@type\":\"ListItem\",\"position\":2,\"name\":\"Accueil\"}]},{\"@type\":\"WebSite\",\"@id\":\"https:\/\/www.histoires-internationales.net\/#website\",\"url\":\"https:\/\/www.histoires-internationales.net\/\",\"name\":\"Histoires Internationales\",\"description\":\"Des histoires de mobilit\u00e9 \u00e0 d\u00e9couvrir\",\"publisher\":{\"@id\":\"https:\/\/www.histoires-internationales.net\/#organization\"},\"potentialAction\":[{\"@type\":\"SearchAction\",\"target\":{\"@type\":\"EntryPoint\",\"urlTemplate\":\"https:\/\/www.histoires-internationales.net\/?s={search_term_string}\"},\"query-input\":\"required name=search_term_string\"}],\"inLanguage\":\"fr-FR\"},{\"@type\":\"Organization\",\"@id\":\"https:\/\/www.histoires-internationales.net\/#organization\",\"name\":\"Histoires Internationales\",\"url\":\"https:\/\/www.histoires-internationales.net\/\",\"logo\":{\"@type\":\"ImageObject\",\"inLanguage\":\"fr-FR\",\"@id\":\"https:\/\/www.histoires-internationales.net\/#\/schema\/logo\/image\/\",\"url\":\"https:\/\/www.histoires-internationales.net\/wp-content\/uploads\/2017\/11\/logo-histoires-internationales.png\",\"contentUrl\":\"https:\/\/www.histoires-internationales.net\/wp-content\/uploads\/2017\/11\/logo-histoires-internationales.png\",\"width\":1250,\"height\":208,\"caption\":\"Histoires Internationales\"},\"image\":{\"@id\":\"https:\/\/www.histoires-internationales.net\/#\/schema\/logo\/image\/\"},\"sameAs\":[\"http:\/\/www.facebook.com\/centraider.centre\"]}]}<\/script>\n<!-- \/ Yoast SEO plugin. -->","yoast_head_json":{"title":"Histoires Internationales - Des jeunes en Service Civique International","description":"Histoires-Internationales.net, c'est un site pour suivre le parcours de 18 jeunes en Service Civique International en France et \u00e0 l'\u00e9tranger.","robots":{"index":"index","follow":"follow","max-snippet":"max-snippet:-1","max-image-preview":"max-image-preview:large","max-video-preview":"max-video-preview:-1"},"canonical":"https:\/\/www.histoires-internationales.net\/","og_locale":"fr_FR","og_type":"article","og_title":"Histoires Internationales - Des jeunes en Service Civique International","og_description":"Histoires-Internationales.net, c'est un site pour suivre le parcours de 18 jeunes en Service Civique International en France et \u00e0 l'\u00e9tranger.","og_url":"https:\/\/www.histoires-internationales.net\/","og_site_name":"Histoires Internationales","article_publisher":"http:\/\/www.facebook.com\/centraider.centre","article_modified_time":"2019-12-05T15:45:32+00:00","og_image":[{"width":2480,"height":1181,"url":"https:\/\/www.histoires-internationales.net\/wp-content\/uploads\/2019\/12\/Visuel-portraits-saison-2.jpg","type":"image\/jpeg"}],"twitter_card":"summary_large_image","twitter_misc":{"Dur\u00e9e de lecture estim\u00e9e":"2 minutes"},"schema":{"@context":"https:\/\/schema.org","@graph":[{"@type":"WebPage","@id":"https:\/\/www.histoires-internationales.net\/","url":"https:\/\/www.histoires-internationales.net\/","name":"Histoires Internationales - Des jeunes en Service Civique International","isPartOf":{"@id":"https:\/\/www.histoires-internationales.net\/#website"},"datePublished":"2017-11-06T13:07:34+00:00","dateModified":"2019-12-05T15:45:32+00:00","description":"Histoires-Internationales.net, c'est un site pour suivre le parcours de 18 jeunes en Service Civique International en France et \u00e0 l'\u00e9tranger.","breadcrumb":{"@id":"https:\/\/www.histoires-internationales.net\/#breadcrumb"},"inLanguage":"fr-FR","potentialAction":[{"@type":"ReadAction","target":["https:\/\/www.histoires-internationales.net\/"]}]},{"@type":"BreadcrumbList","@id":"https:\/\/www.histoires-internationales.net\/#breadcrumb","itemListElement":[{"@type":"ListItem","position":1,"name":"Accueil","item":"https:\/\/www.histoires-internationales.net\/"},{"@type":"ListItem","position":2,"name":"Accueil"}]},{"@type":"WebSite","@id":"https:\/\/www.histoires-internationales.net\/#website","url":"https:\/\/www.histoires-internationales.net\/","name":"Histoires Internationales","description":"Des histoires de mobilit\u00e9 \u00e0 d\u00e9couvrir","publisher":{"@id":"https:\/\/www.histoires-internationales.net\/#organization"},"potentialAction":[{"@type":"SearchAction","target":{"@type":"EntryPoint","urlTemplate":"https:\/\/www.histoires-internationales.net\/?s={search_term_string}"},"query-input":"required name=search_term_string"}],"inLanguage":"fr-FR"},{"@type":"Organization","@id":"https:\/\/www.histoires-internationales.net\/#organization","name":"Histoires Internationales","url":"https:\/\/www.histoires-internationales.net\/","logo":{"@type":"ImageObject","inLanguage":"fr-FR","@id":"https:\/\/www.histoires-internationales.net\/#\/schema\/logo\/image\/","url":"https:\/\/www.histoires-internationales.net\/wp-content\/uploads\/2017\/11\/logo-histoires-internationales.png","contentUrl":"https:\/\/www.histoires-internationales.net\/wp-content\/uploads\/2017\/11\/logo-histoires-internationales.png","width":1250,"height":208,"caption":"Histoires Internationales"},"image":{"@id":"https:\/\/www.histoires-internationales.net\/#\/schema\/logo\/image\/"},"sameAs":["http:\/\/www.facebook.com\/centraider.centre"]}]}},"_links":{"self":[{"href":"https:\/\/www.histoires-internationales.net\/index.php\/wp-json\/wp\/v2\/pages\/125"}],"collection":[{"href":"https:\/\/www.histoires-internationales.net\/index.php\/wp-json\/wp\/v2\/pages"}],"about":[{"href":"https:\/\/www.histoires-internationales.net\/index.php\/wp-json\/wp\/v2\/types\/page"}],"author":[{"embeddable":true,"href":"https:\/\/www.histoires-internationales.net\/index.php\/wp-json\/wp\/v2\/users\/1"}],"replies":[{"embeddable":true,"href":"https:\/\/www.histoires-internationales.net\/index.php\/wp-json\/wp\/v2\/comments?post=125"}],"version-history":[{"count":143,"href":"https:\/\/www.histoires-internationales.net\/index.php\/wp-json\/wp\/v2\/pages\/125\/revisions"}],"predecessor-version":[{"id":1464,"href":"https:\/\/www.histoires-internationales.net\/index.php\/wp-json\/wp\/v2\/pages\/125\/revisions\/1464"}],"wp:featuredmedia":[{"embeddable":true,"href":"https:\/\/www.histoires-internationales.net\/index.php\/wp-json\/wp\/v2\/media\/1298"}],"wp:attachment":[{"href":"https:\/\/www.histoires-internationales.net\/index.php\/wp-json\/wp\/v2\/media?parent=125"}],"curies":[{"name":"wp","href":"https:\/\/api.w.org\/{rel}","templated":true}]}}