{"id":376,"date":"2017-11-09T16:31:45","date_gmt":"2017-11-09T15:31:45","guid":{"rendered":"https:\/\/communaute-odd.org\/?page_id=376"},"modified":"2019-12-19T11:23:05","modified_gmt":"2019-12-19T10:23:05","slug":"les-structures-daccueil","status":"publish","type":"page","link":"https:\/\/www.histoires-internationales.net\/index.php\/les-structures-daccueil\/","title":{"rendered":"Les structures d&rsquo;accueil"},"content":{"rendered":"<p>Afin de promouvoir les exp\u00e9riences de volontariat international pour les jeunes et de s\u2019inscrire dans la dynamique nationale du plan \u00ab Priorit\u00e9 Jeunesse \u00bb, la R\u00e9gion Centre Val de Loire a souhait\u00e9 associer les acteurs de son territoire \u00e0 une \u00ab exp\u00e9rimentation r\u00e9gionale pour le d\u00e9veloppement du volontariat international, outil d\u2019insertion socio professionnelle et d\u2019\u00e9ducation \u00e0 la citoyennet\u00e9 et la solidarit\u00e9 internationale pour les jeunes \u00bb. <span style=\"font-weight: 400;\">La R\u00e9gion Centre-Val de Loire et ses partenaires de la R\u00e9gion F\u00e8s-Mekn\u00e8s au Maroc, de la R\u00e9gion Pardubice en R\u00e9publique Tch\u00e8que, du Land de Saxe-Anhalt en Allemagne et du Gorgol en Mauritanie, ainsi que les villes d\u2019Estarreja au Portugal et de Diourbel au S\u00e9n\u00e9gal, s\u2019engagent dans une action en r\u00e9ciprocit\u00e9 au triple b\u00e9n\u00e9fice des jeunes, des structures d\u2019accueil et des communaut\u00e9s locales. <\/span>D\u00e9couvrez les structures d&rsquo;accueil engag\u00e9es dans le projet.<\/p>\n<hr \/>\n<h3><strong>En France,\u00a0<\/strong><\/h3>\n<h1><img decoding=\"async\" loading=\"lazy\" class=\"alignright wp-image-764\" src=\"https:\/\/communaute-odd.org\/wp-content\/uploads\/2017\/12\/logo-ASCA-150x150.jpg\" alt=\"\" width=\"145\" height=\"137\" \/><strong>ASCA &#8211; Association Socio Culturelle Abraysienne<\/strong><\/h1>\n<p>L\u2019Association Socio-Culturelle Abraysienne (ASCA, cr\u00e9\u00e9e en 1977), agit, selon sa vocation humaniste d\u2019Education Populaire, sur son territoire d\u2019intervention Saint-Jean-de-Braye, pour faciliter l\u2019insertion sociale et pour d\u00e9velopper le mieux-vivre ensemble de tous les habitants. Ses actions ont pour objectif l\u2019\u00e9panouissement des personnes dans leur dimension individuelle, familiale et citoyenne ainsi que l\u2019insertion de tous dans la vie collective.<\/p>\n<p>Apr\u00e8s un premier accueil en 2017, l&rsquo;ASCA a souhait\u00e9 renouveler l&rsquo;exp\u00e9rience en accueillant Zineb qui contribue au d\u00e9veloppement d&rsquo;animations, ateliers et \u00e9v\u00e9nements pour les familles et habitants de la ville.<\/p>\n<p>Vous souhaitez conna\u00eetre en d\u00e9tails les activit\u00e9s propos\u00e9es par l\u2019ASCA\u00a0? Rendez-vous sur le site\u00a0: <a href=\"http:\/\/www.asca.asso.fr\/\">www.asca.asso.fr\/<\/a><\/p>\n<hr \/>\n<h1>Agglom\u00e9ration de Bourges<\/h1>\n<p><img decoding=\"async\" loading=\"lazy\" class=\"alignright wp-image-1596\" src=\"https:\/\/communaute-odd.org\/wp-content\/uploads\/2019\/12\/20108391_1198080406964237_5573877262691880006_n-150x150.png\" alt=\"\" width=\"140\" height=\"140\" srcset=\"https:\/\/www.histoires-internationales.net\/wp-content\/uploads\/2019\/12\/20108391_1198080406964237_5573877262691880006_n-150x150.png 150w, https:\/\/www.histoires-internationales.net\/wp-content\/uploads\/2019\/12\/20108391_1198080406964237_5573877262691880006_n-300x300.png 300w, https:\/\/www.histoires-internationales.net\/wp-content\/uploads\/2019\/12\/20108391_1198080406964237_5573877262691880006_n.png 685w\" sizes=\"(max-width: 140px) 100vw, 140px\" \/><\/p>\n<p>L&rsquo;agglom\u00e9ration de Bourges rejoint le projet r\u00e9gional d&rsquo;accueil de volontaires en Service Civique International.<\/p>\n<p>Depuis le mois d&rsquo;octobre 2019, Moussa effectue une mission au sein du Service des Eaux de Bourges Plus afin de sensibiliser les usagers aux \u00e9conomies d&rsquo;eau.<\/p>\n<p>Pour d\u00e9couvrir les services et actions de Bourges Plus, rendez-vous sur : <a href=\"http:\/\/www.agglo-bourgesplus.fr\">www.agglo-bourgesplus.fr<\/a><\/p>\n<hr \/>\n<h1><strong>Foyer des Jeunes Travailleurs de Saint-Amand-Montrond<\/strong><\/h1>\n<p><img decoding=\"async\" loading=\"lazy\" class=\"alignright wp-image-765\" src=\"https:\/\/communaute-odd.org\/wp-content\/uploads\/2017\/12\/logo_urhaj.jpg\" alt=\"\" width=\"108\" height=\"151\" \/><\/p>\n<p>Le Foyer de Jeunes Travailleurs est une structure qui poss\u00e8de 60 logements et qui est capable d\u2019accueillir au maximum 75 r\u00e9sidents, il dispose aussi d\u2019un restaurant social qui accueille une moyenne de 80 couverts par jour.<\/p>\n<p>Le FJt souhaite d\u00e9velopper des projets de jeunes \u00e0 l\u2019international. La mission de service civique qu&rsquo;effectue Hawa permet l\u2019essor de projets de jeunes (collectifs ou individuels) \u00e0 l\u2019international. \u00a0L\u2019ambition du Foyer de Jeunes Travailleurs est de r\u00e9it\u00e9rer l\u2019exp\u00e9rience du d\u00e9part collectif \u00e0 l\u2019\u00e9tranger (Pologne 2016), en s\u2019appuyant sur le volontaire en Service Civique pour travailler avec les jeunes la question de la mobilit\u00e9 internationale (retour d\u2019exp\u00e9rience, accompagnement\u2026).<\/p>\n<p>Pour avoir plus d\u2019informations sur les actions men\u00e9es par le FJT de Saint-Amand-Montrond\u00a0: <a href=\"https:\/\/www.fjt-sam.org\">www.fjt-sam.org<\/a><\/p>\n<hr \/>\n<h1>Mairie de Bourges<\/h1>\n<p><img decoding=\"async\" loading=\"lazy\" class=\"alignright wp-image-1510\" src=\"https:\/\/communaute-odd.org\/wp-content\/uploads\/2019\/12\/ville-de-bourges-2-jpg-300x248.jpg\" alt=\"\" width=\"160\" height=\"132\" srcset=\"https:\/\/www.histoires-internationales.net\/wp-content\/uploads\/2019\/12\/ville-de-bourges-2-jpg-300x248.jpg 300w, https:\/\/www.histoires-internationales.net\/wp-content\/uploads\/2019\/12\/ville-de-bourges-2-jpg-768x636.jpg 768w, https:\/\/www.histoires-internationales.net\/wp-content\/uploads\/2019\/12\/ville-de-bourges-2-jpg.jpg 901w\" sizes=\"(max-width: 160px) 100vw, 160px\" \/><\/p>\n<p>Apr\u00e8s avoir accueilli plusieurs volontaires en service civique national, la Mairie de Bourges a souhaiter \u00e9tendre l&rsquo;exp\u00e9rience \u00e0 des jeunes internationaux. Ainsi, la Direction de la Culture, du Tourisme et du Patrimoine accueille Fatou depuis le mois d&rsquo;octobre 2019 sur une mission li\u00e9e aux marais urbains. Apr\u00e8s avoir mis \u00e0 jour une enqu\u00eate sur les usagers des marais, Fatou m\u00e8nera, conjointement avec les agents du service, des actions de m\u00e9diation pour sensibiliser les Berruyers et les touristes au devenir des marais.<\/p>\n<p>Pour avoir plus d&rsquo;informations sur la ville de Bourges : <a href=\"https:\/\/www.ville-bourges.fr\">www.ville-bourges.fr<\/a><\/p>\n<hr \/>\n<h1>Mairie de La Riche<img decoding=\"async\" loading=\"lazy\" class=\"alignright wp-image-1511 size-thumbnail\" src=\"https:\/\/communaute-odd.org\/wp-content\/uploads\/2019\/12\/Logo-La-Riche-150x150.png\" alt=\"\" width=\"150\" height=\"150\" \/><\/h1>\n<p>La Ville de La Riche, au travers de diff\u00e9rentes activit\u00e9s, confie \u00e0 de jeunes volontaires en Service Civique des missions li\u00e9es \u00e0 des objectifs de la collectivit\u00e9 dans les domaines de l&rsquo;\u00e9ducation, du d\u00e9veloppement durable, des \u00e9conomies d&rsquo;\u00e9nergie ou de l&rsquo;interculturalit\u00e9. C&rsquo;est notamment dans ce cadre que Rita est accueillie pendant 7 mois \u00e0 la mairie afin de mener des actions autour de l&rsquo;interculturalit\u00e9 et du vivre-ensemble, mais \u00e9galement pour promouvoir aupr\u00e8s de tous les jeunes Larichois les diff\u00e9rentes possibilit\u00e9s de mobilit\u00e9 internationale.<\/p>\n<p>Pour d\u00e9couvrir la ville de La Riche : <a href=\"http:\/\/www.ville-lariche.fr\">www.ville-lariche.fr<\/a><\/p>\n<hr \/>\n<h1><strong>Mairie de Notre-Dame d\u2019O\u00e9<img decoding=\"async\" loading=\"lazy\" class=\"alignright wp-image-767\" src=\"https:\/\/communaute-odd.org\/wp-content\/uploads\/2017\/12\/NDOE-logo-300x155.jpg\" alt=\"\" width=\"250\" height=\"129\" srcset=\"https:\/\/www.histoires-internationales.net\/wp-content\/uploads\/2017\/12\/NDOE-logo-300x155.jpg 300w, https:\/\/www.histoires-internationales.net\/wp-content\/uploads\/2017\/12\/NDOE-logo.jpg 426w\" sizes=\"(max-width: 250px) 100vw, 250px\" \/><\/strong><\/h1>\n<p><span style=\"font-weight: 400;\">Apr\u00e8s deux premi\u00e8res exp\u00e9riences d\u2019accueil de volontaires (2016-2017 et 2017-2018), la commune souhaite p\u00e9renniser ce dispositif d\u2019accueil de jeunes \u00e9trangers en SCI avec Ouma\u00efma. La dimension internationale et citoyenne, sous l\u2019angle d\u2019animations originales est mise en avant avec les nouvelles activit\u00e9s propos\u00e9es. La volont\u00e9 de la structure est de convaincre les publics d\u2019enfants et de jeunes de faire connaissance avec d\u2019autres pays et cultures et de pouvoir s\u2019engager plus tard sur des \u00e9changes internationaux.<\/span><\/p>\n<p>Pour conna\u00eetre mieux la ville de Notre Dame d\u2019O\u00e9, vous pouvez vous connecter \u00e0 son site\u00a0: <a href=\"http:\/\/www.ville-notre-dame-doe.fr\/\">www.ville-notre-dame-doe.fr\/<br \/>\n<\/a><\/p>\n<hr \/>\n<h1><strong><img decoding=\"async\" loading=\"lazy\" class=\"size-thumbnail wp-image-765 alignright\" src=\"https:\/\/communaute-odd.org\/wp-content\/uploads\/2017\/12\/logo_urhaj-129x150.jpg\" alt=\"\" width=\"129\" height=\"150\" \/><\/strong><\/h1>\n<h1><strong>R\u00e9sidence de Jeunes Actifs &#8211; Chartres<\/strong><\/h1>\n<p>La R\u00e9sidence de Jeunes Actifs du Clos Brette \u00e0 Chartres peut accueillir jusqu\u2019\u00e0 110 personnes dans 98 logements meubl\u00e9s et \u00e9quip\u00e9s. La RJA propose des services tels que l\u2019accueil-information-orientation sur le logement, l\u2019emploi, des infos sant\u00e9, de l\u2019aide \u00e0 la mobilit\u00e9-transports, des programmes de mobilit\u00e9 et solidarit\u00e9 internationale, l\u2019acc\u00e8s \u00e0 la culture\u2026 Une \u00e9quipe sur place vous \u00e9coute et vous accompagne dans la construction de vos projets d\u2019autonomie sociale et professionnelle. Apr\u00e8s un premier accueil en 2017, la RJA a propos\u00e9 \u00e0 Tomas de mener des animations aupr\u00e8s des jeunes de la r\u00e9sidence.<\/p>\n<p>Pour des informations plus d\u00e9taill\u00e9es sur la R\u00e9sidence \u00e0 Chartres, visionnez leur site\u00a0: <a href=\"http:\/\/www.habitatjeuneschartres.sitew.com\">www.habitatjeuneschartres.sitew.com<\/a><\/p>\n<hr \/>\n<h1>Ressourcerie AAA<\/h1>\n<p>Cr\u00e9\u00e9e en juillet 2014, la Ressourcerie Alternative, Artisanale et Artistique souhaite montrer le potentiel cr\u00e9atif des objets collect\u00e9s. Durant 7 mois, Aya accompagnera la Ressourcerie dans ses actions de collecte des objets, tri, r\u00e9paration et remise en \u00e9tat, transformation et valorisation aupr\u00e8s du public.<\/p>\n<p>Pour plus d&rsquo;informations sur les actions men\u00e9es par la Ressourcerie AAA : <a href=\"https:\/\/laressourceaaa.fr\">www.laressourceaaa.fr<\/a><\/p>\n<hr \/>\n<h1>Prom\u00e9th\u00e9e Cher<img decoding=\"async\" loading=\"lazy\" class=\"alignright wp-image-1509\" src=\"https:\/\/communaute-odd.org\/wp-content\/uploads\/2019\/12\/logo-prom\u00e9th\u00e9e-150x150.jpg\" alt=\"\" width=\"145\" height=\"73\" srcset=\"https:\/\/www.histoires-internationales.net\/wp-content\/uploads\/2019\/12\/logo-prom\u00e9th\u00e9e-300x152.jpg 300w, https:\/\/www.histoires-internationales.net\/wp-content\/uploads\/2019\/12\/logo-prom\u00e9th\u00e9e-1024x519.jpg 1024w, https:\/\/www.histoires-internationales.net\/wp-content\/uploads\/2019\/12\/logo-prom\u00e9th\u00e9e-768x389.jpg 768w, https:\/\/www.histoires-internationales.net\/wp-content\/uploads\/2019\/12\/logo-prom\u00e9th\u00e9e-1536x778.jpg 1536w, https:\/\/www.histoires-internationales.net\/wp-content\/uploads\/2019\/12\/logo-prom\u00e9th\u00e9e-2048x1038.jpg 2048w\" sizes=\"(max-width: 145px) 100vw, 145px\" \/><\/h1>\n<p>Prom\u00e9th\u00e9e Cher est une association qui oeuvre en faveur de l&rsquo;insertion et du maintien des personnes handicap\u00e9es dans l&#8217;emploi. Pour la premi\u00e8re fois, l&rsquo;association accueille Tidian. Sa mission est d&rsquo;accueillir, conseiller et accompagner des personnes en situation de handicap dans leurs d\u00e9marches administratives et leur insertion dans la vie professionnelle.<\/p>\n<hr \/>\n<h3><strong>A l&rsquo;\u00e9tranger,<\/strong><\/h3>\n<ul>\n<li>En\u00a0<span style=\"font-size: inherit;\">Allemagne\u00a0: <a href=\"https:\/\/www.goeurope-lsa.de\">Go Europe<\/a><\/span><\/li>\n<li><span style=\"font-size: inherit;\">Au Maroc\u00a0: <\/span><span style=\"font-size: inherit;\"><a href=\"http:\/\/www.mouvementalci.org\">Le Mouvement Alternatives Citoyennes (ALCI), <\/a><\/span><span style=\"font-size: inherit;\"><a href=\"https:\/\/citoyendesrues.wordpress.com\/category\/citoyen-des-rues-maroc\/\">Citoyens des rues<\/a><\/span><\/li>\n<li><span style=\"font-size: inherit;\">En R\u00e9publique Tch\u00e8que\u00a0: <\/span><span style=\"font-size: inherit;\">Les\u00a0<\/span><span style=\"font-weight: 400;\">Jardins de Kvetna, l<\/span><span style=\"font-weight: 400;\">e\u00a0<\/span><span style=\"font-weight: 400;\">Centre familial Krucek<\/span><\/li>\n<li>Au S\u00e9n\u00e9gal : la mairie de Diourbel<\/li>\n<\/ul>\n<hr \/>\n<h2>Saison 1<\/h2>\n<h3>En France,<\/h3>\n<ul>\n<li><a href=\"http:\/\/www.asca.asso.fr\"><span style=\"font-weight: 400;\">L\u2019Association Socio-Culturelle Abraysienne (ASCA)<\/span><\/a><\/li>\n<li><a href=\"http:\/\/crijinfo.fr\">Le Centre R\u00e9gional d\u2019Information Jeunesse (CRIJ)<\/a><\/li>\n<li><span style=\"font-weight: 400;\">L\u2019\u00e9cole des Hautes\u00a0 Saules \u00e0 Blois<\/span><\/li>\n<li><a href=\"https:\/\/www.fjt-sam.org\">Le Foyer des Jeunes Travailleurs de Saint-Amand-Montrond<\/a><\/li>\n<li><a href=\"http:\/\/ville-notre-dame-doe.fr\">La mairie de Notre-Dame d\u2019O\u00e9<\/a><\/li>\n<li><a href=\"http:\/\/www.ville-saintjeandelaruelle.fr\"><span style=\"font-weight: 400;\">La Mairie de Saint Jean de la Ruelle<\/span><\/a><\/li>\n<li><a href=\"http:\/\/www.habitatjeuneschartres.sitew.com\"><span style=\"font-weight: 400;\">La R\u00e9sidence de Jeunes Actifs du Clos Brette \u00e0 Chartres<\/span><\/a><\/li>\n<\/ul>\n<h3>A l&rsquo;\u00e9tranger,<\/h3>\n<ul>\n<li>En\u00a0<span style=\"font-size: inherit;\">Allemagne\u00a0: <a href=\"https:\/\/www.barleben.de\">la mairie de Barleben<\/a>, <a href=\"https:\/\/media.ifrc.org\/ifrc\/\">la Croix Rouge allemande<\/a>, <a href=\"https:\/\/www.goeurope-lsa.de\">Go Europe<\/a><\/span><\/li>\n<li><span style=\"font-size: inherit;\">Au Maroc\u00a0: <a href=\"http:\/\/www.mouvementalci.org\">Le Mouvement Alternatives Citoyennes (ALCI)<\/a>, <a href=\"https:\/\/citoyendesrues.wordpress.com\/category\/citoyen-des-rues-maroc\/\">Citoyens des rues<\/a>, AMET 21<\/span><\/li>\n<li><span style=\"font-size: inherit;\"><span style=\"font-size: inherit;\">En R\u00e9publique Tch\u00e8que\u00a0: les\u00a0<\/span><\/span><span style=\"font-weight: 400;\">Jardins de Kvetna, le\u00a0<\/span><span style=\"font-weight: 400;\">Centre familial Krucek,\u00a0<\/span><span style=\"font-size: inherit;\"><a href=\"https:\/\/pardubice.charita.cz\"><span style=\"font-size: inherit;\">Charita Pardubice<\/span><\/a><\/span><\/li>\n<\/ul>\n","protected":false},"excerpt":{"rendered":"<p>Afin de promouvoir les exp\u00e9riences de volontariat international pour les jeunes et de s\u2019inscrire dans la dynamique nationale du plan \u00ab Priorit\u00e9 Jeunesse \u00bb, la R\u00e9gion Centre Val de Loire a souhait\u00e9 associer les acteurs de son territoire \u00e0 une \u00ab exp\u00e9rimentation r\u00e9gionale pour le d\u00e9veloppement du volontariat international, outil d\u2019insertion socio professionnelle et d\u2019\u00e9ducation [&hellip;]<\/p>\n","protected":false},"author":1,"featured_media":0,"parent":0,"menu_order":0,"comment_status":"closed","ping_status":"closed","template":"","meta":{"footnotes":""},"yoast_head":"<!-- This site is optimized with the Yoast SEO plugin v21.0 - https:\/\/yoast.com\/wordpress\/plugins\/seo\/ -->\n<title>Les structures d&#039;accueil - Histoires Internationales<\/title>\n<meta name=\"description\" content=\"D\u00e9couvrez les structures qui accueillent les jeunes en Service Civique International (en France comme \u00e0 l&#039;international) \u00e0 travers ce projet r\u00e9gional.\" \/>\n<meta name=\"robots\" content=\"index, follow, max-snippet:-1, max-image-preview:large, max-video-preview:-1\" \/>\n<link rel=\"canonical\" href=\"https:\/\/www.histoires-internationales.net\/index.php\/les-structures-daccueil\/\" \/>\n<meta property=\"og:locale\" content=\"fr_FR\" \/>\n<meta property=\"og:type\" content=\"article\" \/>\n<meta property=\"og:title\" content=\"Les structures d&#039;accueil - Histoires Internationales\" \/>\n<meta property=\"og:description\" content=\"D\u00e9couvrez les structures qui accueillent les jeunes en Service Civique International (en France comme \u00e0 l&#039;international) \u00e0 travers ce projet r\u00e9gional.\" \/>\n<meta property=\"og:url\" content=\"https:\/\/www.histoires-internationales.net\/index.php\/les-structures-daccueil\/\" \/>\n<meta property=\"og:site_name\" content=\"Histoires Internationales\" \/>\n<meta property=\"article:publisher\" content=\"http:\/\/www.facebook.com\/centraider.centre\" \/>\n<meta property=\"article:modified_time\" content=\"2019-12-19T10:23:05+00:00\" \/>\n<meta property=\"og:image\" content=\"https:\/\/communaute-odd.org\/wp-content\/uploads\/2017\/12\/logo-ASCA-150x150.jpg\" \/>\n<meta name=\"twitter:card\" content=\"summary_large_image\" \/>\n<meta name=\"twitter:label1\" content=\"Dur\u00e9e de lecture estim\u00e9e\" \/>\n\t<meta name=\"twitter:data1\" content=\"6 minutes\" \/>\n<script type=\"application\/ld+json\" class=\"yoast-schema-graph\">{\"@context\":\"https:\/\/schema.org\",\"@graph\":[{\"@type\":\"WebPage\",\"@id\":\"https:\/\/www.histoires-internationales.net\/index.php\/les-structures-daccueil\/\",\"url\":\"https:\/\/www.histoires-internationales.net\/index.php\/les-structures-daccueil\/\",\"name\":\"Les structures d'accueil - Histoires Internationales\",\"isPartOf\":{\"@id\":\"https:\/\/www.histoires-internationales.net\/#website\"},\"datePublished\":\"2017-11-09T15:31:45+00:00\",\"dateModified\":\"2019-12-19T10:23:05+00:00\",\"description\":\"D\u00e9couvrez les structures qui accueillent les jeunes en Service Civique International (en France comme \u00e0 l'international) \u00e0 travers ce projet r\u00e9gional.\",\"breadcrumb\":{\"@id\":\"https:\/\/www.histoires-internationales.net\/index.php\/les-structures-daccueil\/#breadcrumb\"},\"inLanguage\":\"fr-FR\",\"potentialAction\":[{\"@type\":\"ReadAction\",\"target\":[\"https:\/\/www.histoires-internationales.net\/index.php\/les-structures-daccueil\/\"]}]},{\"@type\":\"BreadcrumbList\",\"@id\":\"https:\/\/www.histoires-internationales.net\/index.php\/les-structures-daccueil\/#breadcrumb\",\"itemListElement\":[{\"@type\":\"ListItem\",\"position\":1,\"name\":\"Accueil\",\"item\":\"https:\/\/www.histoires-internationales.net\/\"},{\"@type\":\"ListItem\",\"position\":2,\"name\":\"Les structures d&rsquo;accueil\"}]},{\"@type\":\"WebSite\",\"@id\":\"https:\/\/www.histoires-internationales.net\/#website\",\"url\":\"https:\/\/www.histoires-internationales.net\/\",\"name\":\"Histoires Internationales\",\"description\":\"Des histoires de mobilit\u00e9 \u00e0 d\u00e9couvrir\",\"publisher\":{\"@id\":\"https:\/\/www.histoires-internationales.net\/#organization\"},\"potentialAction\":[{\"@type\":\"SearchAction\",\"target\":{\"@type\":\"EntryPoint\",\"urlTemplate\":\"https:\/\/www.histoires-internationales.net\/?s={search_term_string}\"},\"query-input\":\"required name=search_term_string\"}],\"inLanguage\":\"fr-FR\"},{\"@type\":\"Organization\",\"@id\":\"https:\/\/www.histoires-internationales.net\/#organization\",\"name\":\"Histoires Internationales\",\"url\":\"https:\/\/www.histoires-internationales.net\/\",\"logo\":{\"@type\":\"ImageObject\",\"inLanguage\":\"fr-FR\",\"@id\":\"https:\/\/www.histoires-internationales.net\/#\/schema\/logo\/image\/\",\"url\":\"https:\/\/www.histoires-internationales.net\/wp-content\/uploads\/2017\/11\/logo-histoires-internationales.png\",\"contentUrl\":\"https:\/\/www.histoires-internationales.net\/wp-content\/uploads\/2017\/11\/logo-histoires-internationales.png\",\"width\":1250,\"height\":208,\"caption\":\"Histoires Internationales\"},\"image\":{\"@id\":\"https:\/\/www.histoires-internationales.net\/#\/schema\/logo\/image\/\"},\"sameAs\":[\"http:\/\/www.facebook.com\/centraider.centre\"]}]}<\/script>\n<!-- \/ Yoast SEO plugin. -->","yoast_head_json":{"title":"Les structures d'accueil - Histoires Internationales","description":"D\u00e9couvrez les structures qui accueillent les jeunes en Service Civique International (en France comme \u00e0 l'international) \u00e0 travers ce projet r\u00e9gional.","robots":{"index":"index","follow":"follow","max-snippet":"max-snippet:-1","max-image-preview":"max-image-preview:large","max-video-preview":"max-video-preview:-1"},"canonical":"https:\/\/www.histoires-internationales.net\/index.php\/les-structures-daccueil\/","og_locale":"fr_FR","og_type":"article","og_title":"Les structures d'accueil - Histoires Internationales","og_description":"D\u00e9couvrez les structures qui accueillent les jeunes en Service Civique International (en France comme \u00e0 l'international) \u00e0 travers ce projet r\u00e9gional.","og_url":"https:\/\/www.histoires-internationales.net\/index.php\/les-structures-daccueil\/","og_site_name":"Histoires Internationales","article_publisher":"http:\/\/www.facebook.com\/centraider.centre","article_modified_time":"2019-12-19T10:23:05+00:00","og_image":[{"url":"https:\/\/communaute-odd.org\/wp-content\/uploads\/2017\/12\/logo-ASCA-150x150.jpg"}],"twitter_card":"summary_large_image","twitter_misc":{"Dur\u00e9e de lecture estim\u00e9e":"6 minutes"},"schema":{"@context":"https:\/\/schema.org","@graph":[{"@type":"WebPage","@id":"https:\/\/www.histoires-internationales.net\/index.php\/les-structures-daccueil\/","url":"https:\/\/www.histoires-internationales.net\/index.php\/les-structures-daccueil\/","name":"Les structures d'accueil - Histoires Internationales","isPartOf":{"@id":"https:\/\/www.histoires-internationales.net\/#website"},"datePublished":"2017-11-09T15:31:45+00:00","dateModified":"2019-12-19T10:23:05+00:00","description":"D\u00e9couvrez les structures qui accueillent les jeunes en Service Civique International (en France comme \u00e0 l'international) \u00e0 travers ce projet r\u00e9gional.","breadcrumb":{"@id":"https:\/\/www.histoires-internationales.net\/index.php\/les-structures-daccueil\/#breadcrumb"},"inLanguage":"fr-FR","potentialAction":[{"@type":"ReadAction","target":["https:\/\/www.histoires-internationales.net\/index.php\/les-structures-daccueil\/"]}]},{"@type":"BreadcrumbList","@id":"https:\/\/www.histoires-internationales.net\/index.php\/les-structures-daccueil\/#breadcrumb","itemListElement":[{"@type":"ListItem","position":1,"name":"Accueil","item":"https:\/\/www.histoires-internationales.net\/"},{"@type":"ListItem","position":2,"name":"Les structures d&rsquo;accueil"}]},{"@type":"WebSite","@id":"https:\/\/www.histoires-internationales.net\/#website","url":"https:\/\/www.histoires-internationales.net\/","name":"Histoires Internationales","description":"Des histoires de mobilit\u00e9 \u00e0 d\u00e9couvrir","publisher":{"@id":"https:\/\/www.histoires-internationales.net\/#organization"},"potentialAction":[{"@type":"SearchAction","target":{"@type":"EntryPoint","urlTemplate":"https:\/\/www.histoires-internationales.net\/?s={search_term_string}"},"query-input":"required name=search_term_string"}],"inLanguage":"fr-FR"},{"@type":"Organization","@id":"https:\/\/www.histoires-internationales.net\/#organization","name":"Histoires Internationales","url":"https:\/\/www.histoires-internationales.net\/","logo":{"@type":"ImageObject","inLanguage":"fr-FR","@id":"https:\/\/www.histoires-internationales.net\/#\/schema\/logo\/image\/","url":"https:\/\/www.histoires-internationales.net\/wp-content\/uploads\/2017\/11\/logo-histoires-internationales.png","contentUrl":"https:\/\/www.histoires-internationales.net\/wp-content\/uploads\/2017\/11\/logo-histoires-internationales.png","width":1250,"height":208,"caption":"Histoires Internationales"},"image":{"@id":"https:\/\/www.histoires-internationales.net\/#\/schema\/logo\/image\/"},"sameAs":["http:\/\/www.facebook.com\/centraider.centre"]}]}},"_links":{"self":[{"href":"https:\/\/www.histoires-internationales.net\/index.php\/wp-json\/wp\/v2\/pages\/376"}],"collection":[{"href":"https:\/\/www.histoires-internationales.net\/index.php\/wp-json\/wp\/v2\/pages"}],"about":[{"href":"https:\/\/www.histoires-internationales.net\/index.php\/wp-json\/wp\/v2\/types\/page"}],"author":[{"embeddable":true,"href":"https:\/\/www.histoires-internationales.net\/index.php\/wp-json\/wp\/v2\/users\/1"}],"replies":[{"embeddable":true,"href":"https:\/\/www.histoires-internationales.net\/index.php\/wp-json\/wp\/v2\/comments?post=376"}],"version-history":[{"count":19,"href":"https:\/\/www.histoires-internationales.net\/index.php\/wp-json\/wp\/v2\/pages\/376\/revisions"}],"predecessor-version":[{"id":1597,"href":"https:\/\/www.histoires-internationales.net\/index.php\/wp-json\/wp\/v2\/pages\/376\/revisions\/1597"}],"wp:attachment":[{"href":"https:\/\/www.histoires-internationales.net\/index.php\/wp-json\/wp\/v2\/media?parent=376"}],"curies":[{"name":"wp","href":"https:\/\/api.w.org\/{rel}","templated":true}]}}